{"id":91,"date":"2026-04-15T18:50:12","date_gmt":"2026-04-15T18:50:12","guid":{"rendered":"https:\/\/www.unifibraspiscinas.com\/?page_id=91"},"modified":"2026-04-16T00:38:03","modified_gmt":"2026-04-16T00:38:03","slug":"piscinas-extradimensionales","status":"publish","type":"page","link":"https:\/\/www.unifibraspiscinas.com\/?page_id=91","title":{"rendered":"Piscinas extradimensionales"},"content":{"rendered":"<p>[et_pb_section fb_built=\u00bb1&#8243; _builder_version=\u00bb4.27.4&#8243; _module_preset=\u00bbdefault\u00bb custom_padding=\u00bb32px||0px|||\u00bb global_colors_info=\u00bb{}\u00bb][et_pb_row column_structure=\u00bb1_2,1_2&#8243; _builder_version=\u00bb4.27.4&#8243; _module_preset=\u00bbdefault\u00bb custom_padding=\u00bb12px||2px|||\u00bb animation_style=\u00bbslide\u00bb global_colors_info=\u00bb{}\u00bb][et_pb_column type=\u00bb1_2&#8243; _builder_version=\u00bb4.27.4&#8243; _module_preset=\u00bbdefault\u00bb global_colors_info=\u00bb{}\u00bb][et_pb_text _builder_version=\u00bb4.27.4&#8243; _module_preset=\u00bbdefault\u00bb text_font=\u00bbMontserrat|700||on|||||\u00bb text_text_color=\u00bb#f49227&#8243; text_font_size=\u00bb50px\u00bb text_line_height=\u00bb1em\u00bb custom_margin=\u00bb||6px|||\u00bb global_colors_info=\u00bb{}\u00bb]<\/p>\n<p>Piscina<\/p>\n<p>[\/et_pb_text][et_pb_text _builder_version=\u00bb4.27.4&#8243; _module_preset=\u00bbdefault\u00bb text_font=\u00bbMontserrat|700||on|||||\u00bb text_text_color=\u00bb#313284&#8243; text_font_size=\u00bb30px\u00bb text_line_height=\u00bb1em\u00bb custom_margin=\u00bb||19px|||\u00bb global_colors_info=\u00bb{}\u00bb]<\/p>\n<p>EXTRADIMENSIONALES<\/p>\n<p>[\/et_pb_text][\/et_pb_column][et_pb_column type=\u00bb1_2&#8243; _builder_version=\u00bb4.27.4&#8243; _module_preset=\u00bbdefault\u00bb global_colors_info=\u00bb{}\u00bb][\/et_pb_column][\/et_pb_row][et_pb_row _builder_version=\u00bb4.27.4&#8243; _module_preset=\u00bbdefault\u00bb width=\u00bb100%\u00bb max_width=\u00bb100%\u00bb custom_padding=\u00bb3px||4px|||\u00bb global_colors_info=\u00bb{}\u00bb][et_pb_column type=\u00bb4_4&#8243; _builder_version=\u00bb4.27.4&#8243; _module_preset=\u00bbdefault\u00bb global_colors_info=\u00bb{}\u00bb][et_pb_image src=\u00bbhttps:\/\/www.unifibraspiscinas.com\/wp-content\/uploads\/2026\/04\/imagen3.jpg\u00bb title_text=\u00bbimagen3&#8243; _builder_version=\u00bb4.27.4&#8243; _module_preset=\u00bbdefault\u00bb global_colors_info=\u00bb{}\u00bb][\/et_pb_image][\/et_pb_column][\/et_pb_row][\/et_pb_section][et_pb_section fb_built=\u00bb1&#8243; _builder_version=\u00bb4.27.4&#8243; _module_preset=\u00bbdefault\u00bb background_image=\u00bbhttps:\/\/www.unifibraspiscinas.com\/wp-content\/uploads\/2026\/04\/fondo-servicios.jpg\u00bb background_position=\u00bbtop_left\u00bb custom_padding=\u00bb91px||59px|||\u00bb global_colors_info=\u00bb{}\u00bb][et_pb_row column_structure=\u00bb1_2,1_2&#8243; _builder_version=\u00bb4.27.4&#8243; _module_preset=\u00bbdefault\u00bb custom_padding=\u00bb||28px|||\u00bb global_colors_info=\u00bb{}\u00bb][et_pb_column type=\u00bb1_2&#8243; _builder_version=\u00bb4.27.4&#8243; _module_preset=\u00bbdefault\u00bb animation_style=\u00bbslide\u00bb animation_direction=\u00bbleft\u00bb global_colors_info=\u00bb{}\u00bb][et_pb_text _builder_version=\u00bb4.27.4&#8243; _module_preset=\u00bbdefault\u00bb text_font=\u00bbMontserrat|300|||||||\u00bb text_text_color=\u00bb#000000&#8243; text_font_size=\u00bb17px\u00bb custom_margin=\u00bb||-1px|||\u00bb global_colors_info=\u00bb{}\u00bb]<\/p>\n<p>Dise\u00f1amos y construimos piscinas extradimensionales en fibra de vidrio sin molde, una opci\u00f3n ideal para quienes buscan exclusividad, libertad de dise\u00f1o y adaptaci\u00f3n total al espacio disponible.<\/p>\n<p>A diferencia de las piscinas tradicionales sobre molde, este sistema permite crear estructuras completamente personalizadas, ajustadas a las dimensiones, formas y caracter\u00edsticas espec\u00edficas de cada proyecto. Nos adaptamos a terrenos irregulares, espacios reducidos o dise\u00f1os arquitect\u00f3nicos \u00fanicos, logrando resultados a la medida de cada cliente.<\/p>\n<p>Este tipo de piscina se construye directamente en el lugar de instalaci\u00f3n, lo que permite integrar detalles especiales como playas h\u00famedas, bordes infinitos, escaleras personalizadas, jacuzzis incorporados y diferentes niveles de profundidad, creando un dise\u00f1o verdaderamente tridimensional.<\/p>\n<p>[\/et_pb_text][et_pb_text _builder_version=\u00bb4.27.4&#8243; _module_preset=\u00bbdefault\u00bb text_font=\u00bbMontserrat|600|||||||\u00bb text_text_color=\u00bb#f49227&#8243; text_font_size=\u00bb17px\u00bb custom_margin=\u00bb25px|||||\u00bb global_colors_info=\u00bb{}\u00bb]<\/p>\n<p>Todas nuestras piscinas cuentas con equipo de aseo y purificaci\u00f3n.<\/p>\n<p>[\/et_pb_text][\/et_pb_column][et_pb_column type=\u00bb1_2&#8243; _builder_version=\u00bb4.27.4&#8243; _module_preset=\u00bbdefault\u00bb animation_style=\u00bbslide\u00bb animation_direction=\u00bbright\u00bb global_colors_info=\u00bb{}\u00bb][et_pb_code _builder_version=\u00bb4.27.4&#8243; _module_preset=\u00bbdefault\u00bb global_colors_info=\u00bb{}\u00bb]<div class=\"carousel-slider-outer carousel-slider-outer-image-carousel carousel-slider-outer-99\" style=\"--carousel-slider-nav-color:#f1f1f1;--carousel-slider-active-nav-color:#00d1b2;--carousel-slider-arrow-size:48px;--carousel-slider-bullet-size:10px\">\n<div id=\"&#039;id-99\" class=\"carousel-slider carousel-slider-99 arrows-visibility-hover dots-visibility-never arrows-outside dots-center dots-circle owl-carousel\" data-slide-type=\"image-carousel\" data-owl-settings='{\"nav\":true,\"dots\":false,\"slideBy\":1,\"stagePadding\":0,\"margin\":10,\"loop\":true,\"lazyLoad\":false,\"autoplay\":true,\"autoplayTimeout\":3000,\"autoplaySpeed\":3000,\"autoplayHoverPause\":true,\"autoWidth\":false,\"responsive\":{\"300\":{\"items\":1},\"576\":{\"items\":1},\"768\":{\"items\":1},\"1024\":{\"items\":1},\"1280\":{\"items\":1},\"1536\":{\"items\":1}}}'>\n<div class=\"carousel-slider__item\">\n\t<a class=\"magnific-popup\" href=\"https:\/\/www.unifibraspiscinas.com\/wp-content\/uploads\/2026\/04\/7a58f410-6c47-4ddb-a7b5-97bdb0918058.jpeg\" data-width=\"480\" data-height=\"640\"><img loading=\"lazy\" decoding=\"async\" width=\"480\" height=\"382\" src=\"https:\/\/www.unifibraspiscinas.com\/wp-content\/uploads\/2026\/04\/7a58f410-6c47-4ddb-a7b5-97bdb0918058-480x382.jpeg\" class=\"attachment-et-pb-portfolio-module-image size-et-pb-portfolio-module-image\" alt=\"\" \/><\/a><\/div>\n\n<div class=\"carousel-slider__item\">\n\t<a class=\"magnific-popup\" href=\"https:\/\/www.unifibraspiscinas.com\/wp-content\/uploads\/2026\/04\/119162a4-6a8a-4aa5-8639-aaa36831b528.jpeg\" data-width=\"512\" data-height=\"384\"><img loading=\"lazy\" decoding=\"async\" width=\"510\" height=\"382\" src=\"https:\/\/www.unifibraspiscinas.com\/wp-content\/uploads\/2026\/04\/119162a4-6a8a-4aa5-8639-aaa36831b528-510x382.jpeg\" class=\"attachment-et-pb-portfolio-module-image size-et-pb-portfolio-module-image\" alt=\"\" srcset=\"https:\/\/www.unifibraspiscinas.com\/wp-content\/uploads\/2026\/04\/119162a4-6a8a-4aa5-8639-aaa36831b528-510x382.jpeg 510w, https:\/\/www.unifibraspiscinas.com\/wp-content\/uploads\/2026\/04\/119162a4-6a8a-4aa5-8639-aaa36831b528-480x360.jpeg 480w\" sizes=\"(min-width: 0px) and (max-width: 480px) 480px, (min-width: 481px) 510px, 100vw\" \/><\/a><\/div>\n\n<div class=\"carousel-slider__item\">\n\t<a class=\"magnific-popup\" href=\"https:\/\/www.unifibraspiscinas.com\/wp-content\/uploads\/2026\/04\/40760024-8e10-4663-b3b5-51abafda2fb1.jpeg\" data-width=\"1200\" data-height=\"1600\"><img loading=\"lazy\" decoding=\"async\" width=\"510\" height=\"382\" src=\"https:\/\/www.unifibraspiscinas.com\/wp-content\/uploads\/2026\/04\/40760024-8e10-4663-b3b5-51abafda2fb1-510x382.jpeg\" class=\"attachment-et-pb-portfolio-module-image size-et-pb-portfolio-module-image\" alt=\"\" \/><\/a><\/div>\n\n<div class=\"carousel-slider__item\">\n\t<a class=\"magnific-popup\" href=\"https:\/\/www.unifibraspiscinas.com\/wp-content\/uploads\/2026\/04\/bac12c06-f7f9-45a4-b231-026369b330ad.jpeg\" data-width=\"1280\" data-height=\"960\"><img loading=\"lazy\" decoding=\"async\" width=\"510\" height=\"382\" src=\"https:\/\/www.unifibraspiscinas.com\/wp-content\/uploads\/2026\/04\/bac12c06-f7f9-45a4-b231-026369b330ad-510x382.jpeg\" class=\"attachment-et-pb-portfolio-module-image size-et-pb-portfolio-module-image\" alt=\"\" \/><\/a><\/div>\n\n<div class=\"carousel-slider__item\">\n\t<a class=\"magnific-popup\" href=\"https:\/\/www.unifibraspiscinas.com\/wp-content\/uploads\/2026\/04\/e912aa98-dda9-4688-a245-30fe4a2db7af.jpeg\" data-width=\"1600\" data-height=\"1200\"><img loading=\"lazy\" decoding=\"async\" width=\"510\" height=\"382\" src=\"https:\/\/www.unifibraspiscinas.com\/wp-content\/uploads\/2026\/04\/e912aa98-dda9-4688-a245-30fe4a2db7af-510x382.jpeg\" class=\"attachment-et-pb-portfolio-module-image size-et-pb-portfolio-module-image\" alt=\"\" \/><\/a><\/div>\n\n<div class=\"carousel-slider__item\">\n\t<a class=\"magnific-popup\" href=\"https:\/\/www.unifibraspiscinas.com\/wp-content\/uploads\/2026\/04\/1e19f49e-f766-4bd0-a8ca-770b88724529.jpeg\" data-width=\"1204\" data-height=\"1600\"><img loading=\"lazy\" decoding=\"async\" width=\"510\" height=\"382\" src=\"https:\/\/www.unifibraspiscinas.com\/wp-content\/uploads\/2026\/04\/1e19f49e-f766-4bd0-a8ca-770b88724529-510x382.jpeg\" class=\"attachment-et-pb-portfolio-module-image size-et-pb-portfolio-module-image\" alt=\"\" \/><\/a><\/div>\n\n<div class=\"carousel-slider__item\">\n\t<a class=\"magnific-popup\" href=\"https:\/\/www.unifibraspiscinas.com\/wp-content\/uploads\/2026\/04\/12ee0a87-6ebb-428b-9730-dcf3d3cfb482.jpeg\" data-width=\"1600\" data-height=\"1200\"><img loading=\"lazy\" decoding=\"async\" width=\"510\" height=\"382\" src=\"https:\/\/www.unifibraspiscinas.com\/wp-content\/uploads\/2026\/04\/12ee0a87-6ebb-428b-9730-dcf3d3cfb482-510x382.jpeg\" class=\"attachment-et-pb-portfolio-module-image size-et-pb-portfolio-module-image\" alt=\"\" \/><\/a><\/div>\n\n<div class=\"carousel-slider__item\">\n\t<a class=\"magnific-popup\" href=\"https:\/\/www.unifibraspiscinas.com\/wp-content\/uploads\/2026\/04\/fab077c9-9d6a-401e-b994-06e27521ab04.jpeg\" data-width=\"1504\" data-height=\"1128\"><img loading=\"lazy\" decoding=\"async\" width=\"510\" height=\"382\" src=\"https:\/\/www.unifibraspiscinas.com\/wp-content\/uploads\/2026\/04\/fab077c9-9d6a-401e-b994-06e27521ab04-510x382.jpeg\" class=\"attachment-et-pb-portfolio-module-image size-et-pb-portfolio-module-image\" alt=\"\" \/><\/a><\/div>\n\n<div class=\"carousel-slider__item\">\n\t<a class=\"magnific-popup\" href=\"https:\/\/www.unifibraspiscinas.com\/wp-content\/uploads\/2026\/04\/7b2890d5-077f-4274-83d0-fa46f3429c63.jpeg\" data-width=\"1600\" data-height=\"1204\"><img loading=\"lazy\" decoding=\"async\" width=\"510\" height=\"382\" src=\"https:\/\/www.unifibraspiscinas.com\/wp-content\/uploads\/2026\/04\/7b2890d5-077f-4274-83d0-fa46f3429c63-510x382.jpeg\" class=\"attachment-et-pb-portfolio-module-image size-et-pb-portfolio-module-image\" alt=\"\" \/><\/a><\/div>\n\n<div class=\"carousel-slider__item\">\n\t<a class=\"magnific-popup\" href=\"https:\/\/www.unifibraspiscinas.com\/wp-content\/uploads\/2026\/04\/ba1da6ca-90c1-4f6d-b8ba-ae9a3c8e18e8.jpeg\" data-width=\"1600\" data-height=\"721\"><img loading=\"lazy\" decoding=\"async\" width=\"510\" height=\"382\" src=\"https:\/\/www.unifibraspiscinas.com\/wp-content\/uploads\/2026\/04\/ba1da6ca-90c1-4f6d-b8ba-ae9a3c8e18e8-510x382.jpeg\" class=\"attachment-et-pb-portfolio-module-image size-et-pb-portfolio-module-image\" alt=\"\" \/><\/a><\/div>\n\n<div class=\"carousel-slider__item\">\n\t<a class=\"magnific-popup\" href=\"https:\/\/www.unifibraspiscinas.com\/wp-content\/uploads\/2026\/04\/1c824783-89f8-4216-8167-376ce15a838e.jpeg\" data-width=\"1600\" data-height=\"1200\"><img loading=\"lazy\" decoding=\"async\" width=\"510\" height=\"382\" src=\"https:\/\/www.unifibraspiscinas.com\/wp-content\/uploads\/2026\/04\/1c824783-89f8-4216-8167-376ce15a838e-510x382.jpeg\" class=\"attachment-et-pb-portfolio-module-image size-et-pb-portfolio-module-image\" alt=\"\" \/><\/a><\/div>\n\n<div class=\"carousel-slider__item\">\n\t<a class=\"magnific-popup\" href=\"https:\/\/www.unifibraspiscinas.com\/wp-content\/uploads\/2026\/04\/b98f9d3b-fd44-49ab-b62e-086fcf3c09c3.jpeg\" data-width=\"1600\" data-height=\"1200\"><img loading=\"lazy\" decoding=\"async\" width=\"510\" height=\"382\" src=\"https:\/\/www.unifibraspiscinas.com\/wp-content\/uploads\/2026\/04\/b98f9d3b-fd44-49ab-b62e-086fcf3c09c3-510x382.jpeg\" class=\"attachment-et-pb-portfolio-module-image size-et-pb-portfolio-module-image\" alt=\"\" \/><\/a><\/div>\n\n<div class=\"carousel-slider__item\">\n\t<a class=\"magnific-popup\" href=\"https:\/\/www.unifibraspiscinas.com\/wp-content\/uploads\/2026\/04\/22ca90db-6303-4b4d-b192-fd29418e594e.jpeg\" data-width=\"1600\" data-height=\"1200\"><img loading=\"lazy\" decoding=\"async\" width=\"510\" height=\"382\" src=\"https:\/\/www.unifibraspiscinas.com\/wp-content\/uploads\/2026\/04\/22ca90db-6303-4b4d-b192-fd29418e594e-510x382.jpeg\" class=\"attachment-et-pb-portfolio-module-image size-et-pb-portfolio-module-image\" alt=\"\" \/><\/a><\/div>\n\n<\/div><!-- .carousel-slider-99 -->\n<\/div><!-- .carousel-slider-outer-99 -->\n[\/et_pb_code][et_pb_button button_url=\u00bbhttps:\/\/api.whatsapp.com\/send\/?phone=573213123353&#038;text&#038;type=phone_number&#038;app_absent=0&#8243; url_new_window=\u00bbon\u00bb button_text=\u00bbCotizar\u00bb button_alignment=\u00bbcenter\u00bb _builder_version=\u00bb4.27.4&#8243; _module_preset=\u00bbdefault\u00bb custom_button=\u00bbon\u00bb button_text_color=\u00bb#FFFFFF\u00bb button_bg_color=\u00bb#f49227&#8243; button_border_width=\u00bb0px\u00bb global_colors_info=\u00bb{}\u00bb global_module=\u00bb242&#8243; theme_builder_area=\u00bbpost_content\u00bb][\/et_pb_button][\/et_pb_column][\/et_pb_row][et_pb_row _builder_version=\u00bb4.27.4&#8243; _module_preset=\u00bbdefault\u00bb global_colors_info=\u00bb{}\u00bb][et_pb_column type=\u00bb4_4&#8243; _builder_version=\u00bb4.27.4&#8243; _module_preset=\u00bbdefault\u00bb global_colors_info=\u00bb{}\u00bb][et_pb_text _builder_version=\u00bb4.27.4&#8243; _module_preset=\u00bbdefault\u00bb text_font=\u00bbMontserrat|300|||||||\u00bb text_text_color=\u00bb#000000&#8243; text_font_size=\u00bb20px\u00bb text_orientation=\u00bbcenter\u00bb custom_padding=\u00bb15px|15px|15px|15px|true|true\u00bb border_radii=\u00bbon|10px|10px|10px|10px\u00bb border_width_all=\u00bb2px\u00bb border_color_all=\u00bb#f49227&#8243; global_colors_info=\u00bb{}\u00bb]<\/p>\n<p><strong>Accesorios adicionales:<\/strong> iluminaci\u00f3n interna, hidromasajes, pasamanos, cascadas, nado contracorriente, calefacciones.<\/p>\n<p>[\/et_pb_text][\/et_pb_column][\/et_pb_row][\/et_pb_section]<\/p>\n","protected":false},"excerpt":{"rendered":"<p>PiscinaEXTRADIMENSIONALESDise\u00f1amos y construimos piscinas extradimensionales en fibra de vidrio sin molde, una opci\u00f3n ideal para quienes buscan exclusividad, libertad de dise\u00f1o y adaptaci\u00f3n total al espacio disponible. A diferencia de las piscinas tradicionales sobre molde, este sistema permite crear estructuras completamente personalizadas, ajustadas a las dimensiones, formas y caracter\u00edsticas espec\u00edficas de cada proyecto. Nos adaptamos [&hellip;]<\/p>\n","protected":false},"author":1,"featured_media":0,"parent":0,"menu_order":0,"comment_status":"closed","ping_status":"closed","template":"","meta":{"_et_pb_use_builder":"on","_et_pb_old_content":"","_et_gb_content_width":"","rs_blank_template":"","rs_page_bg_color":"","slide_template_v7":"","footnotes":""},"class_list":["post-91","page","type-page","status-publish","hentry"],"_links":{"self":[{"href":"https:\/\/www.unifibraspiscinas.com\/index.php?rest_route=\/wp\/v2\/pages\/91","targetHints":{"allow":["GET"]}}],"collection":[{"href":"https:\/\/www.unifibraspiscinas.com\/index.php?rest_route=\/wp\/v2\/pages"}],"about":[{"href":"https:\/\/www.unifibraspiscinas.com\/index.php?rest_route=\/wp\/v2\/types\/page"}],"author":[{"embeddable":true,"href":"https:\/\/www.unifibraspiscinas.com\/index.php?rest_route=\/wp\/v2\/users\/1"}],"replies":[{"embeddable":true,"href":"https:\/\/www.unifibraspiscinas.com\/index.php?rest_route=%2Fwp%2Fv2%2Fcomments&post=91"}],"version-history":[{"count":5,"href":"https:\/\/www.unifibraspiscinas.com\/index.php?rest_route=\/wp\/v2\/pages\/91\/revisions"}],"predecessor-version":[{"id":244,"href":"https:\/\/www.unifibraspiscinas.com\/index.php?rest_route=\/wp\/v2\/pages\/91\/revisions\/244"}],"wp:attachment":[{"href":"https:\/\/www.unifibraspiscinas.com\/index.php?rest_route=%2Fwp%2Fv2%2Fmedia&parent=91"}],"curies":[{"name":"wp","href":"https:\/\/api.w.org\/{rel}","templated":true}]}}