{"id":174,"date":"2026-04-15T21:19:29","date_gmt":"2026-04-15T21:19:29","guid":{"rendered":"https:\/\/www.unifibraspiscinas.com\/?page_id=174"},"modified":"2026-04-15T22:53:01","modified_gmt":"2026-04-15T22:53:01","slug":"impearmibilizacion","status":"publish","type":"page","link":"https:\/\/www.unifibraspiscinas.com\/?page_id=174","title":{"rendered":"Impearmibilizaci\u00f3n"},"content":{"rendered":"<p>[et_pb_section fb_built=\u00bb1&#8243; _builder_version=\u00bb4.27.4&#8243; _module_preset=\u00bbdefault\u00bb custom_padding=\u00bb32px||0px|||\u00bb global_colors_info=\u00bb{}\u00bb][et_pb_row _builder_version=\u00bb4.27.4&#8243; _module_preset=\u00bbdefault\u00bb custom_padding=\u00bb12px||2px|||\u00bb hover_enabled=\u00bb0&#8243; global_colors_info=\u00bb{}\u00bb animation_style=\u00bbslide\u00bb sticky_enabled=\u00bb0&#8243;][et_pb_column type=\u00bb4_4&#8243; _builder_version=\u00bb4.27.4&#8243; _module_preset=\u00bbdefault\u00bb global_colors_info=\u00bb{}\u00bb][et_pb_text _builder_version=\u00bb4.27.4&#8243; _module_preset=\u00bbdefault\u00bb text_font=\u00bbMontserrat|700||on|||||\u00bb text_text_color=\u00bb#f49227&#8243; text_font_size=\u00bb50px\u00bb text_line_height=\u00bb1em\u00bb custom_margin=\u00bb||6px|||\u00bb global_colors_info=\u00bb{}\u00bb]<\/p>\n<p>Impermeabilizaci\u00f3n<\/p>\n<p>[\/et_pb_text][\/et_pb_column][\/et_pb_row][et_pb_row _builder_version=\u00bb4.27.4&#8243; _module_preset=\u00bbdefault\u00bb width=\u00bb100%\u00bb max_width=\u00bb100%\u00bb custom_padding=\u00bb3px||4px|||\u00bb global_colors_info=\u00bb{}\u00bb][et_pb_column type=\u00bb4_4&#8243; _builder_version=\u00bb4.27.4&#8243; _module_preset=\u00bbdefault\u00bb global_colors_info=\u00bb{}\u00bb][et_pb_image src=\u00bbhttps:\/\/www.unifibraspiscinas.com\/wp-content\/uploads\/2026\/04\/imagen3.jpg\u00bb title_text=\u00bbimagen3&#8243; _builder_version=\u00bb4.27.4&#8243; _module_preset=\u00bbdefault\u00bb global_colors_info=\u00bb{}\u00bb][\/et_pb_image][\/et_pb_column][\/et_pb_row][\/et_pb_section][et_pb_section fb_built=\u00bb1&#8243; _builder_version=\u00bb4.27.4&#8243; _module_preset=\u00bbdefault\u00bb background_image=\u00bbhttps:\/\/www.unifibraspiscinas.com\/wp-content\/uploads\/2026\/04\/fondo-servicios.jpg\u00bb background_position=\u00bbtop_left\u00bb custom_padding=\u00bb48px||59px|||\u00bb global_colors_info=\u00bb{}\u00bb][et_pb_row column_structure=\u00bb1_2,1_2&#8243; _builder_version=\u00bb4.27.4&#8243; _module_preset=\u00bbdefault\u00bb custom_margin=\u00bb-15px|auto||auto||\u00bb custom_padding=\u00bb16px||0px|||\u00bb hover_enabled=\u00bb0&#8243; global_colors_info=\u00bb{}\u00bb animation_style=\u00bbslide\u00bb animation_direction=\u00bbbottom\u00bb sticky_enabled=\u00bb0&#8243;][et_pb_column type=\u00bb1_2&#8243; _builder_version=\u00bb4.27.4&#8243; _module_preset=\u00bbdefault\u00bb global_colors_info=\u00bb{}\u00bb][et_pb_text _builder_version=\u00bb4.27.4&#8243; _module_preset=\u00bbdefault\u00bb text_font=\u00bbMontserrat|300|||||||\u00bb text_text_color=\u00bb#000000&#8243; text_font_size=\u00bb17px\u00bb custom_margin=\u00bb||-1px|||\u00bb global_colors_info=\u00bb{}\u00bb]<\/p>\n<p>Fabricaci\u00f3n, restauraci\u00f3n, recuperaci\u00f3n e impermeabilizaci\u00f3n de tanques de almacenamiento, reservas de agua, piscinas en concreto con problemas de filtraci\u00f3n, materas, tanques para criaderos de peces etc.nuestras restauracion te ayudan a<br \/>recuperar tu inversion y darle mas tiempo de utilidad, nuestros trabajo es a base de resinas poliestes y tixotropicas reforsadas con fibra de vidrio con Excelente capacidad de resistencia, termoestable, resistente a sustancias corrosivas y factores clim\u00e1tico y cuenta con una garantia minima de 10 a\u00f1os<\/p>\n<p>[\/et_pb_text][\/et_pb_column][et_pb_column type=\u00bb1_2&#8243; _builder_version=\u00bb4.27.4&#8243; _module_preset=\u00bbdefault\u00bb global_colors_info=\u00bb{}\u00bb][et_pb_code _builder_version=\u00bb4.27.4&#8243; _module_preset=\u00bbdefault\u00bb global_colors_info=\u00bb{}\u00bb]<div class=\"carousel-slider-outer carousel-slider-outer-image-carousel carousel-slider-outer-182\" style=\"--carousel-slider-nav-color:#f1f1f1;--carousel-slider-active-nav-color:#00d1b2;--carousel-slider-arrow-size:48px;--carousel-slider-bullet-size:10px\">\n<div id=\"&#039;id-182\" class=\"carousel-slider carousel-slider-182 arrows-visibility-hover dots-visibility-never arrows-outside dots-center dots-circle owl-carousel\" data-slide-type=\"image-carousel\" data-owl-settings='{\"nav\":true,\"dots\":false,\"slideBy\":1,\"stagePadding\":0,\"margin\":10,\"loop\":true,\"lazyLoad\":false,\"autoplay\":true,\"autoplayTimeout\":3000,\"autoplaySpeed\":3000,\"autoplayHoverPause\":true,\"autoWidth\":false,\"responsive\":{\"300\":{\"items\":1},\"576\":{\"items\":1},\"768\":{\"items\":1},\"1024\":{\"items\":1},\"1280\":{\"items\":1},\"1536\":{\"items\":1}}}'>\n<div class=\"carousel-slider__item\">\n\t<a class=\"magnific-popup\" href=\"https:\/\/www.unifibraspiscinas.com\/wp-content\/uploads\/2026\/04\/446e9733-3b84-49af-8623-b411b81fe207.jpeg\" data-width=\"1280\" data-height=\"577\"><img loading=\"lazy\" decoding=\"async\" width=\"510\" height=\"382\" src=\"https:\/\/www.unifibraspiscinas.com\/wp-content\/uploads\/2026\/04\/446e9733-3b84-49af-8623-b411b81fe207-510x382.jpeg\" class=\"attachment-et-pb-portfolio-module-image size-et-pb-portfolio-module-image\" alt=\"\" \/><\/a><\/div>\n\n<div class=\"carousel-slider__item\">\n\t<a class=\"magnific-popup\" href=\"https:\/\/www.unifibraspiscinas.com\/wp-content\/uploads\/2026\/04\/5d2ac4ae-f4fe-460d-9f88-1f644ada087c.jpeg\" data-width=\"1600\" data-height=\"721\"><img loading=\"lazy\" decoding=\"async\" width=\"510\" height=\"382\" src=\"https:\/\/www.unifibraspiscinas.com\/wp-content\/uploads\/2026\/04\/5d2ac4ae-f4fe-460d-9f88-1f644ada087c-510x382.jpeg\" class=\"attachment-et-pb-portfolio-module-image size-et-pb-portfolio-module-image\" alt=\"\" \/><\/a><\/div>\n\n<div class=\"carousel-slider__item\">\n\t<a class=\"magnific-popup\" href=\"https:\/\/www.unifibraspiscinas.com\/wp-content\/uploads\/2026\/04\/2e57a9a8-7b03-4440-af06-cb073ccfc93c.jpeg\" data-width=\"1600\" data-height=\"721\"><img loading=\"lazy\" decoding=\"async\" width=\"510\" height=\"382\" src=\"https:\/\/www.unifibraspiscinas.com\/wp-content\/uploads\/2026\/04\/2e57a9a8-7b03-4440-af06-cb073ccfc93c-510x382.jpeg\" class=\"attachment-et-pb-portfolio-module-image size-et-pb-portfolio-module-image\" alt=\"\" \/><\/a><\/div>\n\n<div class=\"carousel-slider__item\">\n\t<a class=\"magnific-popup\" href=\"https:\/\/www.unifibraspiscinas.com\/wp-content\/uploads\/2026\/04\/4063c4f1-1492-4a25-b9ad-93780e33e937.jpeg\" data-width=\"512\" data-height=\"384\"><img loading=\"lazy\" decoding=\"async\" width=\"510\" height=\"382\" src=\"https:\/\/www.unifibraspiscinas.com\/wp-content\/uploads\/2026\/04\/4063c4f1-1492-4a25-b9ad-93780e33e937-510x382.jpeg\" class=\"attachment-et-pb-portfolio-module-image size-et-pb-portfolio-module-image\" alt=\"\" srcset=\"https:\/\/www.unifibraspiscinas.com\/wp-content\/uploads\/2026\/04\/4063c4f1-1492-4a25-b9ad-93780e33e937-510x382.jpeg 510w, https:\/\/www.unifibraspiscinas.com\/wp-content\/uploads\/2026\/04\/4063c4f1-1492-4a25-b9ad-93780e33e937-480x360.jpeg 480w\" sizes=\"(min-width: 0px) and (max-width: 480px) 480px, (min-width: 481px) 510px, 100vw\" \/><\/a><\/div>\n\n<div class=\"carousel-slider__item\">\n\t<a class=\"magnific-popup\" href=\"https:\/\/www.unifibraspiscinas.com\/wp-content\/uploads\/2026\/04\/60111e10-f133-4547-86d3-6fa559cc56d9.jpeg\" data-width=\"1600\" data-height=\"1200\"><img loading=\"lazy\" decoding=\"async\" width=\"510\" height=\"382\" src=\"https:\/\/www.unifibraspiscinas.com\/wp-content\/uploads\/2026\/04\/60111e10-f133-4547-86d3-6fa559cc56d9-510x382.jpeg\" class=\"attachment-et-pb-portfolio-module-image size-et-pb-portfolio-module-image\" alt=\"\" \/><\/a><\/div>\n\n<\/div><!-- .carousel-slider-182 -->\n<\/div><!-- .carousel-slider-outer-182 -->\n[\/et_pb_code][\/et_pb_column][\/et_pb_row][\/et_pb_section]<\/p>\n","protected":false},"excerpt":{"rendered":"<p>Impermeabilizaci\u00f3nFabricaci\u00f3n, restauraci\u00f3n, recuperaci\u00f3n e impermeabilizaci\u00f3n de tanques de almacenamiento, reservas de agua, piscinas en concreto con problemas de filtraci\u00f3n, materas, tanques para criaderos de peces etc.nuestras restauracion te ayudan arecuperar tu inversion y darle mas tiempo de utilidad, nuestros trabajo es a base de resinas poliestes y tixotropicas reforsadas con fibra de vidrio con Excelente [&hellip;]<\/p>\n","protected":false},"author":1,"featured_media":0,"parent":0,"menu_order":0,"comment_status":"closed","ping_status":"closed","template":"","meta":{"_et_pb_use_builder":"on","_et_pb_old_content":"","_et_gb_content_width":"","rs_blank_template":"","rs_page_bg_color":"","slide_template_v7":"","footnotes":""},"class_list":["post-174","page","type-page","status-publish","hentry"],"_links":{"self":[{"href":"https:\/\/www.unifibraspiscinas.com\/index.php?rest_route=\/wp\/v2\/pages\/174","targetHints":{"allow":["GET"]}}],"collection":[{"href":"https:\/\/www.unifibraspiscinas.com\/index.php?rest_route=\/wp\/v2\/pages"}],"about":[{"href":"https:\/\/www.unifibraspiscinas.com\/index.php?rest_route=\/wp\/v2\/types\/page"}],"author":[{"embeddable":true,"href":"https:\/\/www.unifibraspiscinas.com\/index.php?rest_route=\/wp\/v2\/users\/1"}],"replies":[{"embeddable":true,"href":"https:\/\/www.unifibraspiscinas.com\/index.php?rest_route=%2Fwp%2Fv2%2Fcomments&post=174"}],"version-history":[{"count":5,"href":"https:\/\/www.unifibraspiscinas.com\/index.php?rest_route=\/wp\/v2\/pages\/174\/revisions"}],"predecessor-version":[{"id":205,"href":"https:\/\/www.unifibraspiscinas.com\/index.php?rest_route=\/wp\/v2\/pages\/174\/revisions\/205"}],"wp:attachment":[{"href":"https:\/\/www.unifibraspiscinas.com\/index.php?rest_route=%2Fwp%2Fv2%2Fmedia&parent=174"}],"curies":[{"name":"wp","href":"https:\/\/api.w.org\/{rel}","templated":true}]}}